{"id":88,"date":"2019-08-30T18:13:18","date_gmt":"2019-08-30T16:13:18","guid":{"rendered":"http:\/\/depannpc.com\/accueil\/?page_id=88"},"modified":"2024-02-17T10:04:30","modified_gmt":"2024-02-17T09:04:30","slug":"entreprise","status":"publish","type":"page","link":"https:\/\/depannpc.com\/accueil\/entreprise\/","title":{"rendered":"Entreprise"},"content":{"rendered":"\t\t<div data-elementor-type=\"wp-post\" data-elementor-id=\"88\" class=\"elementor elementor-88\">\n\t\t\t\t\t\t<section class=\"elementor-section elementor-top-section elementor-element elementor-element-dfeefb3 animated-slow elementor-section-boxed elementor-section-height-default elementor-section-height-default elementor-invisible\" data-id=\"dfeefb3\" data-element_type=\"section\" data-settings=\"{&quot;animation&quot;:&quot;fadeIn&quot;}\">\n\t\t\t\t\t\t<div class=\"elementor-container elementor-column-gap-default\">\n\t\t\t\t\t<div class=\"elementor-column elementor-col-100 elementor-top-column elementor-element elementor-element-69a6908\" data-id=\"69a6908\" data-element_type=\"column\">\n\t\t\t<div class=\"elementor-widget-wrap elementor-element-populated\">\n\t\t\t\t\t\t<div class=\"elementor-element elementor-element-072fd28 elementor-view-default elementor-widget elementor-widget-icon\" data-id=\"072fd28\" data-element_type=\"widget\" data-widget_type=\"icon.default\">\n\t\t\t\t<div class=\"elementor-widget-container\">\n\t\t\t\t\t<div class=\"elementor-icon-wrapper\">\n\t\t\t<div class=\"elementor-icon elementor-animation-pulse\">\n\t\t\t<i aria-hidden=\"true\" class=\"fab fa-microsoft\"><\/i>\t\t\t<\/div>\n\t\t<\/div>\n\t\t\t\t<\/div>\n\t\t\t\t<\/div>\n\t\t\t\t<div class=\"elementor-element elementor-element-f021a32 animated-slow elementor-invisible elementor-widget elementor-widget-text-editor\" data-id=\"f021a32\" data-element_type=\"widget\" data-settings=\"{&quot;_animation&quot;:&quot;fadeIn&quot;}\" data-widget_type=\"text-editor.default\">\n\t\t\t\t<div class=\"elementor-widget-container\">\n\t\t\t\t\t\t\t<p style=\"text-align: center;\"><span style=\"color: #ff0000;\"><strong>INFO-GERENCE &#8211; ENVIRONNEMENT MICROSOFT &#8211; RESEAUX INFORMATIQUE NUMERIQUE<\/strong><\/span><\/p><p style=\"text-align: center;\"><span style=\"color: #ff0000;\"><strong>Gestion de parc informatique &#8211; Gestion de serveur (bas\u00e9 sur 2012r2 &#8211; 2016 -2019)<\/strong><\/span><\/p><p style=\"text-align: center;\"><span style=\"color: #ff0000;\"><strong>Nous avons les solutions et les comp\u00e9tences pour vous aider de la mani\u00e8re la plus efficace, la plus s\u00e9curis\u00e9e et la plus efficiente<\/strong><\/span><\/p>\t\t\t\t\t\t<\/div>\n\t\t\t\t<\/div>\n\t\t\t\t\t<\/div>\n\t\t<\/div>\n\t\t\t\t\t<\/div>\n\t\t<\/section>\n\t\t\t\t<section class=\"elementor-section elementor-top-section elementor-element elementor-element-894926b elementor-section-boxed elementor-section-height-default elementor-section-height-default\" data-id=\"894926b\" data-element_type=\"section\">\n\t\t\t\t\t\t<div class=\"elementor-container elementor-column-gap-default\">\n\t\t\t\t\t<div class=\"elementor-column elementor-col-50 elementor-top-column elementor-element elementor-element-da50bf2\" data-id=\"da50bf2\" data-element_type=\"column\">\n\t\t\t<div class=\"elementor-widget-wrap elementor-element-populated\">\n\t\t\t\t\t\t<div class=\"elementor-element elementor-element-e51778c animated-slow elementor-view-default elementor-invisible elementor-widget elementor-widget-icon\" data-id=\"e51778c\" data-element_type=\"widget\" data-settings=\"{&quot;_animation&quot;:&quot;fadeIn&quot;}\" data-widget_type=\"icon.default\">\n\t\t\t\t<div class=\"elementor-widget-container\">\n\t\t\t\t\t<div class=\"elementor-icon-wrapper\">\n\t\t\t<div class=\"elementor-icon elementor-animation-shrink\">\n\t\t\t<i aria-hidden=\"true\" class=\"fas fa-sitemap\"><\/i>\t\t\t<\/div>\n\t\t<\/div>\n\t\t\t\t<\/div>\n\t\t\t\t<\/div>\n\t\t\t\t\t<\/div>\n\t\t<\/div>\n\t\t\t\t<div class=\"elementor-column elementor-col-50 elementor-top-column elementor-element elementor-element-0fe2488\" data-id=\"0fe2488\" data-element_type=\"column\">\n\t\t\t<div class=\"elementor-widget-wrap elementor-element-populated\">\n\t\t\t\t\t\t<div class=\"elementor-element elementor-element-309f9fe animated-slow elementor-invisible elementor-widget elementor-widget-text-editor\" data-id=\"309f9fe\" data-element_type=\"widget\" data-settings=\"{&quot;_animation&quot;:&quot;fadeIn&quot;}\" data-widget_type=\"text-editor.default\">\n\t\t\t\t<div class=\"elementor-widget-container\">\n\t\t\t\t\t\t\t<p style=\"text-align: left;\"><strong><span style=\"font-size: 14pt;\">R\u00e9seaux, s\u00e9curit\u00e9 et serveurs<\/span><\/strong><\/p>\n<p style=\"text-align: left;\">Grace a notre exp\u00e9rience de 10 ans dans le domaine, nous vous proposons des solutions sur mesure, quelque soit l&rsquo;environnement windows.&nbsp;<br>De la gestion de strat\u00e9gie groupe au pontage VPN, nous avons la solution qui convient pour le travail d&rsquo;\u00e9quipe et les \u00e9changes de donn\u00e9es en toute s\u00e9curit\u00e9 (protocole bas\u00e9 sur un certificat)<\/p>\t\t\t\t\t\t<\/div>\n\t\t\t\t<\/div>\n\t\t\t\t\t<\/div>\n\t\t<\/div>\n\t\t\t\t\t<\/div>\n\t\t<\/section>\n\t\t\t\t<section class=\"elementor-section elementor-top-section elementor-element elementor-element-7056ef6 elementor-section-boxed elementor-section-height-default elementor-section-height-default\" data-id=\"7056ef6\" data-element_type=\"section\">\n\t\t\t\t\t\t<div class=\"elementor-container elementor-column-gap-default\">\n\t\t\t\t\t<div class=\"elementor-column elementor-col-100 elementor-top-column elementor-element elementor-element-53bef97\" data-id=\"53bef97\" data-element_type=\"column\">\n\t\t\t<div class=\"elementor-widget-wrap elementor-element-populated\">\n\t\t\t\t\t\t<div class=\"elementor-element elementor-element-1816a5b animated-slow elementor-view-default elementor-invisible elementor-widget elementor-widget-icon\" data-id=\"1816a5b\" data-element_type=\"widget\" data-settings=\"{&quot;_animation&quot;:&quot;fadeIn&quot;}\" data-widget_type=\"icon.default\">\n\t\t\t\t<div class=\"elementor-widget-container\">\n\t\t\t\t\t<div class=\"elementor-icon-wrapper\">\n\t\t\t<div class=\"elementor-icon elementor-animation-shrink\">\n\t\t\t<i aria-hidden=\"true\" class=\"fas fa-network-wired\"><\/i>\t\t\t<\/div>\n\t\t<\/div>\n\t\t\t\t<\/div>\n\t\t\t\t<\/div>\n\t\t\t\t\t<\/div>\n\t\t<\/div>\n\t\t\t\t<div class=\"elementor-column elementor-col-100 elementor-top-column elementor-element elementor-element-9735f9e\" data-id=\"9735f9e\" data-element_type=\"column\">\n\t\t\t<div class=\"elementor-widget-wrap elementor-element-populated\">\n\t\t\t\t\t\t<div class=\"elementor-element elementor-element-67e2e85 animated-slow elementor-invisible elementor-widget elementor-widget-text-editor\" data-id=\"67e2e85\" data-element_type=\"widget\" data-settings=\"{&quot;_animation&quot;:&quot;fadeIn&quot;}\" data-widget_type=\"text-editor.default\">\n\t\t\t\t<div class=\"elementor-widget-container\">\n\t\t\t\t\t\t\t<p><strong><span style=\"font-size: 14pt;\">Gestion de parc informatique<\/span><\/strong><\/p>\n<p>Nous garantissons le bon fonctionnement de tous vos \u00e9quipement informatique.&nbsp;<br>&#8211; Communications : r\u00e9seau local, Internet, Intranet, mail, navigations<br>&#8211; Fonctionnement de l&rsquo;environnement (Le syst\u00e8me et les logiciels embarqu\u00e9s)<br>&#8211; Communication avec les imprimantes, les scanner, les fax<br>&#8211; Maintenance pr\u00e9ventive et d\u00e9pannage sous 4h (sous contrat)<\/p>\t\t\t\t\t\t<\/div>\n\t\t\t\t<\/div>\n\t\t\t\t\t<\/div>\n\t\t<\/div>\n\t\t\t\t\t<\/div>\n\t\t<\/section>\n\t\t\t\t<section class=\"elementor-section elementor-top-section elementor-element elementor-element-e079a61 elementor-section-boxed elementor-section-height-default elementor-section-height-default\" data-id=\"e079a61\" data-element_type=\"section\">\n\t\t\t\t\t\t<div class=\"elementor-container elementor-column-gap-default\">\n\t\t\t\t\t<div class=\"elementor-column elementor-col-33 elementor-top-column elementor-element elementor-element-e55be47\" data-id=\"e55be47\" data-element_type=\"column\">\n\t\t\t<div class=\"elementor-widget-wrap elementor-element-populated\">\n\t\t\t\t\t\t<div class=\"elementor-element elementor-element-6c634f0 animated-slow elementor-view-default elementor-invisible elementor-widget elementor-widget-icon\" data-id=\"6c634f0\" data-element_type=\"widget\" data-settings=\"{&quot;_animation&quot;:&quot;fadeIn&quot;}\" data-widget_type=\"icon.default\">\n\t\t\t\t<div class=\"elementor-widget-container\">\n\t\t\t\t\t<div class=\"elementor-icon-wrapper\">\n\t\t\t<div class=\"elementor-icon elementor-animation-shrink\">\n\t\t\t<i aria-hidden=\"true\" class=\"fas fa-ethernet\"><\/i>\t\t\t<\/div>\n\t\t<\/div>\n\t\t\t\t<\/div>\n\t\t\t\t<\/div>\n\t\t\t\t\t<\/div>\n\t\t<\/div>\n\t\t\t\t<div class=\"elementor-column elementor-col-66 elementor-top-column elementor-element elementor-element-0df191e\" data-id=\"0df191e\" data-element_type=\"column\">\n\t\t\t<div class=\"elementor-widget-wrap elementor-element-populated\">\n\t\t\t\t\t\t<div class=\"elementor-element elementor-element-ebf9eb1 animated-slow elementor-invisible elementor-widget elementor-widget-text-editor\" data-id=\"ebf9eb1\" data-element_type=\"widget\" data-settings=\"{&quot;_animation&quot;:&quot;fadeIn&quot;}\" data-widget_type=\"text-editor.default\">\n\t\t\t\t<div class=\"elementor-widget-container\">\n\t\t\t\t\t\t\t<p><strong><span style=\"font-size: 14pt;\">Architecture r\u00e9seaux<\/span><\/strong><\/p><p>Nous concevons \u00e9galement les architectures de r\u00e9seaux informatique actuellement bas\u00e9 sur cat\u00e9gorie 6 blind\u00e9 ou non. Les chemins de c\u00e2blage aboutissent dans une armoire informatique de mani\u00e8re pratique et intelligente, et bien entendu aux normes pour une meilleurs connectivit\u00e9 et compr\u00e9hension du r\u00e9seau local.\u00a0<\/p>\t\t\t\t\t\t<\/div>\n\t\t\t\t<\/div>\n\t\t\t\t\t<\/div>\n\t\t<\/div>\n\t\t\t\t\t<\/div>\n\t\t<\/section>\n\t\t\t\t<section class=\"elementor-section elementor-top-section elementor-element elementor-element-5a2c80c elementor-section-boxed elementor-section-height-default elementor-section-height-default\" data-id=\"5a2c80c\" data-element_type=\"section\">\n\t\t\t\t\t\t<div class=\"elementor-container elementor-column-gap-default\">\n\t\t\t\t\t<div class=\"elementor-column elementor-col-33 elementor-top-column elementor-element elementor-element-be6d673\" data-id=\"be6d673\" data-element_type=\"column\">\n\t\t\t<div class=\"elementor-widget-wrap elementor-element-populated\">\n\t\t\t\t\t\t<div class=\"elementor-element elementor-element-f1f2f85 animated-slow elementor-view-default elementor-invisible elementor-widget elementor-widget-icon\" data-id=\"f1f2f85\" data-element_type=\"widget\" data-settings=\"{&quot;_animation&quot;:&quot;fadeIn&quot;}\" data-widget_type=\"icon.default\">\n\t\t\t\t<div class=\"elementor-widget-container\">\n\t\t\t\t\t<div class=\"elementor-icon-wrapper\">\n\t\t\t<div class=\"elementor-icon elementor-animation-shrink\">\n\t\t\t<i aria-hidden=\"true\" class=\"fas fa-cloud-upload-alt\"><\/i>\t\t\t<\/div>\n\t\t<\/div>\n\t\t\t\t<\/div>\n\t\t\t\t<\/div>\n\t\t\t\t\t<\/div>\n\t\t<\/div>\n\t\t\t\t<div class=\"elementor-column elementor-col-66 elementor-top-column elementor-element elementor-element-8092125\" data-id=\"8092125\" data-element_type=\"column\">\n\t\t\t<div class=\"elementor-widget-wrap elementor-element-populated\">\n\t\t\t\t\t\t<div class=\"elementor-element elementor-element-b62ecc9 animated-slow elementor-invisible elementor-widget elementor-widget-text-editor\" data-id=\"b62ecc9\" data-element_type=\"widget\" data-settings=\"{&quot;_animation&quot;:&quot;fadeIn&quot;}\" data-widget_type=\"text-editor.default\">\n\t\t\t\t<div class=\"elementor-widget-container\">\n\t\t\t\t\t\t\t<p><span style=\"font-size: 14pt;\"><strong>Sauvegardes<\/strong><\/span><\/p><p>Nous utilisons plusieurs m\u00e9thodes de sauvegarde. Le choix de la sauvegarde d\u00e9pend \u00e9galement du d\u00e9bit de connexion Internet et la taille des fichiers \u00e0 sauvegarder, ainsi que le budget allou\u00e9.\u00a0<br \/>&#8211; Sauvegarde NAS distant ou windows Azure<br \/>&#8211; Sauvegarde NAS local ou sur disques dur externes<br \/>&#8211; v\u00e9rification p\u00e9riodique des sauvegardes<\/p>\t\t\t\t\t\t<\/div>\n\t\t\t\t<\/div>\n\t\t\t\t\t<\/div>\n\t\t<\/div>\n\t\t\t\t\t<\/div>\n\t\t<\/section>\n\t\t\t\t<section class=\"elementor-section elementor-top-section elementor-element elementor-element-87101a5 elementor-section-boxed elementor-section-height-default elementor-section-height-default\" data-id=\"87101a5\" data-element_type=\"section\">\n\t\t\t\t\t\t<div class=\"elementor-container elementor-column-gap-default\">\n\t\t\t\t\t<div class=\"elementor-column elementor-col-33 elementor-top-column elementor-element elementor-element-9d6ba03\" data-id=\"9d6ba03\" data-element_type=\"column\">\n\t\t\t<div class=\"elementor-widget-wrap elementor-element-populated\">\n\t\t\t\t\t\t<div class=\"elementor-element elementor-element-0b2fcd7 animated-slow elementor-view-default elementor-invisible elementor-widget elementor-widget-icon\" data-id=\"0b2fcd7\" data-element_type=\"widget\" data-settings=\"{&quot;_animation&quot;:&quot;fadeIn&quot;}\" data-widget_type=\"icon.default\">\n\t\t\t\t<div class=\"elementor-widget-container\">\n\t\t\t\t\t<div class=\"elementor-icon-wrapper\">\n\t\t\t<div class=\"elementor-icon elementor-animation-shrink\">\n\t\t\t<i aria-hidden=\"true\" class=\"fas fa-shield-alt\"><\/i>\t\t\t<\/div>\n\t\t<\/div>\n\t\t\t\t<\/div>\n\t\t\t\t<\/div>\n\t\t\t\t\t<\/div>\n\t\t<\/div>\n\t\t\t\t<div class=\"elementor-column elementor-col-66 elementor-top-column elementor-element elementor-element-37bc026\" data-id=\"37bc026\" data-element_type=\"column\">\n\t\t\t<div class=\"elementor-widget-wrap elementor-element-populated\">\n\t\t\t\t\t\t<div class=\"elementor-element elementor-element-24eb6c0 animated-slow elementor-invisible elementor-widget elementor-widget-text-editor\" data-id=\"24eb6c0\" data-element_type=\"widget\" data-settings=\"{&quot;_animation&quot;:&quot;fadeIn&quot;}\" data-widget_type=\"text-editor.default\">\n\t\t\t\t<div class=\"elementor-widget-container\">\n\t\t\t\t\t\t\t<p><strong><span style=\"font-size: 14pt;\">Antivirus et firewall<\/span><\/strong><\/p><p>Nous s\u00e9curisons nos r\u00e9seaux avec des antivirus performant et l\u00e9gers disponible en version endpoint pour s\u00e9curiser depuis le controlleur de domaine ou serveurs seul si utilisation RDS exclusive. La s\u00e9curit\u00e9 du r\u00e9seau peut \u00eatre compl\u00e9t\u00e9 par des modules firewall ou proxy (pfsense par exemple)\u00a0<\/p>\t\t\t\t\t\t<\/div>\n\t\t\t\t<\/div>\n\t\t\t\t\t<\/div>\n\t\t<\/div>\n\t\t\t\t\t<\/div>\n\t\t<\/section>\n\t\t\t\t<section class=\"elementor-section elementor-top-section elementor-element elementor-element-fe8f0d0 elementor-section-boxed elementor-section-height-default elementor-section-height-default\" data-id=\"fe8f0d0\" data-element_type=\"section\">\n\t\t\t\t\t\t<div class=\"elementor-container elementor-column-gap-default\">\n\t\t\t\t\t<div class=\"elementor-column elementor-col-25 elementor-top-column elementor-element elementor-element-9df3159\" data-id=\"9df3159\" data-element_type=\"column\">\n\t\t\t<div class=\"elementor-widget-wrap elementor-element-populated\">\n\t\t\t\t\t\t<div class=\"elementor-element elementor-element-142373f6 elementor-view-stacked elementor-shape-circle elementor-widget elementor-widget-icon\" data-id=\"142373f6\" data-element_type=\"widget\" data-widget_type=\"icon.default\">\n\t\t\t\t<div class=\"elementor-widget-container\">\n\t\t\t\t\t<div class=\"elementor-icon-wrapper\">\n\t\t\t<a class=\"elementor-icon elementor-animation-grow\" href=\"http:\/\/depannpc.com\/depannpc\">\n\t\t\t<i aria-hidden=\"true\" class=\"fas fa-tv\"><\/i>\t\t\t<\/a>\n\t\t<\/div>\n\t\t\t\t<\/div>\n\t\t\t\t<\/div>\n\t\t\t\t<div class=\"elementor-element elementor-element-81472cb elementor-widget elementor-widget-heading\" data-id=\"81472cb\" data-element_type=\"widget\" data-widget_type=\"heading.default\">\n\t\t\t\t<div class=\"elementor-widget-container\">\n\t\t\t<h2 class=\"elementor-heading-title elementor-size-default\">depannpc<\/h2>\t\t<\/div>\n\t\t\t\t<\/div>\n\t\t\t\t\t<\/div>\n\t\t<\/div>\n\t\t\t\t<div class=\"elementor-column elementor-col-25 elementor-top-column elementor-element elementor-element-28bc540c\" data-id=\"28bc540c\" data-element_type=\"column\">\n\t\t\t<div class=\"elementor-widget-wrap elementor-element-populated\">\n\t\t\t\t\t\t<div class=\"elementor-element elementor-element-449ad2b5 elementor-view-stacked elementor-shape-circle elementor-widget elementor-widget-icon\" data-id=\"449ad2b5\" data-element_type=\"widget\" data-widget_type=\"icon.default\">\n\t\t\t\t<div class=\"elementor-widget-container\">\n\t\t\t\t\t<div class=\"elementor-icon-wrapper\">\n\t\t\t<a class=\"elementor-icon elementor-animation-grow\" href=\"http:\/\/depannpc.com\/entreprise\">\n\t\t\t<i aria-hidden=\"true\" class=\"fab fa-microsoft\"><\/i>\t\t\t<\/a>\n\t\t<\/div>\n\t\t\t\t<\/div>\n\t\t\t\t<\/div>\n\t\t\t\t<div class=\"elementor-element elementor-element-1032ccf4 elementor-widget elementor-widget-heading\" data-id=\"1032ccf4\" data-element_type=\"widget\" data-widget_type=\"heading.default\">\n\t\t\t\t<div class=\"elementor-widget-container\">\n\t\t\t<h2 class=\"elementor-heading-title elementor-size-default\">depannpc entreprise<\/h2>\t\t<\/div>\n\t\t\t\t<\/div>\n\t\t\t\t\t<\/div>\n\t\t<\/div>\n\t\t\t\t<div class=\"elementor-column elementor-col-25 elementor-top-column elementor-element elementor-element-5d2ce315\" data-id=\"5d2ce315\" data-element_type=\"column\">\n\t\t\t<div class=\"elementor-widget-wrap elementor-element-populated\">\n\t\t\t\t\t\t<div class=\"elementor-element elementor-element-5251ff84 elementor-view-stacked elementor-shape-circle elementor-widget elementor-widget-icon\" data-id=\"5251ff84\" data-element_type=\"widget\" data-widget_type=\"icon.default\">\n\t\t\t\t<div class=\"elementor-widget-container\">\n\t\t\t\t\t<div class=\"elementor-icon-wrapper\">\n\t\t\t<div class=\"elementor-icon elementor-animation-grow\">\n\t\t\t<i aria-hidden=\"true\" class=\"fas fa-laptop-medical\"><\/i>\t\t\t<\/div>\n\t\t<\/div>\n\t\t\t\t<\/div>\n\t\t\t\t<\/div>\n\t\t\t\t<div class=\"elementor-element elementor-element-2e3efed7 elementor-widget elementor-widget-heading\" data-id=\"2e3efed7\" data-element_type=\"widget\" data-widget_type=\"heading.default\">\n\t\t\t\t<div class=\"elementor-widget-container\">\n\t\t\t<h2 class=\"elementor-heading-title elementor-size-default\">dalles reunion<\/h2>\t\t<\/div>\n\t\t\t\t<\/div>\n\t\t\t\t\t<\/div>\n\t\t<\/div>\n\t\t\t\t<div class=\"elementor-column elementor-col-25 elementor-top-column elementor-element elementor-element-6133f5ce\" data-id=\"6133f5ce\" data-element_type=\"column\">\n\t\t\t<div class=\"elementor-widget-wrap elementor-element-populated\">\n\t\t\t\t\t\t<div class=\"elementor-element elementor-element-47938c23 elementor-view-stacked elementor-shape-circle elementor-widget elementor-widget-icon\" data-id=\"47938c23\" data-element_type=\"widget\" data-widget_type=\"icon.default\">\n\t\t\t\t<div class=\"elementor-widget-container\">\n\t\t\t\t\t<div class=\"elementor-icon-wrapper\">\n\t\t\t<a class=\"elementor-icon elementor-animation-grow\" href=\"http:\/\/www.tpe.re\" target=\"_blank\">\n\t\t\t<i aria-hidden=\"true\" class=\"far fa-credit-card\"><\/i>\t\t\t<\/a>\n\t\t<\/div>\n\t\t\t\t<\/div>\n\t\t\t\t<\/div>\n\t\t\t\t<div class=\"elementor-element elementor-element-5f554cf3 elementor-widget elementor-widget-heading\" data-id=\"5f554cf3\" data-element_type=\"widget\" data-widget_type=\"heading.default\">\n\t\t\t\t<div class=\"elementor-widget-container\">\n\t\t\t<h2 class=\"elementor-heading-title elementor-size-default\">tpe.re<\/h2>\t\t<\/div>\n\t\t\t\t<\/div>\n\t\t\t\t\t<\/div>\n\t\t<\/div>\n\t\t\t\t\t<\/div>\n\t\t<\/section>\n\t\t\t\t<\/div>\n\t\t","protected":false},"excerpt":{"rendered":"<p>INFO-GERENCE &#8211; ENVIRONNEMENT MICROSOFT &#8211; RESEAUX INFORMATIQUE NUMERIQUE Gestion de parc informatique &#8211; Gestion de serveur (bas\u00e9 sur 2012r2 &#8211; 2016 -2019) Nous avons les solutions et les comp\u00e9tences pour vous aider de la mani\u00e8re la plus efficace, la plus s\u00e9curis\u00e9e et la plus efficiente R\u00e9seaux, s\u00e9curit\u00e9 et serveurs Grace a notre exp\u00e9rience de 10 [&hellip;]<\/p>\n","protected":false},"author":1,"featured_media":0,"parent":0,"menu_order":0,"comment_status":"closed","ping_status":"closed","template":"","meta":{"footnotes":""},"_links":{"self":[{"href":"https:\/\/depannpc.com\/accueil\/wp-json\/wp\/v2\/pages\/88"}],"collection":[{"href":"https:\/\/depannpc.com\/accueil\/wp-json\/wp\/v2\/pages"}],"about":[{"href":"https:\/\/depannpc.com\/accueil\/wp-json\/wp\/v2\/types\/page"}],"author":[{"embeddable":true,"href":"https:\/\/depannpc.com\/accueil\/wp-json\/wp\/v2\/users\/1"}],"replies":[{"embeddable":true,"href":"https:\/\/depannpc.com\/accueil\/wp-json\/wp\/v2\/comments?post=88"}],"version-history":[{"count":29,"href":"https:\/\/depannpc.com\/accueil\/wp-json\/wp\/v2\/pages\/88\/revisions"}],"predecessor-version":[{"id":248,"href":"https:\/\/depannpc.com\/accueil\/wp-json\/wp\/v2\/pages\/88\/revisions\/248"}],"wp:attachment":[{"href":"https:\/\/depannpc.com\/accueil\/wp-json\/wp\/v2\/media?parent=88"}],"curies":[{"name":"wp","href":"https:\/\/api.w.org\/{rel}","templated":true}]}}